{"id":197,"date":"2017-04-02T16:42:07","date_gmt":"2017-04-02T14:42:07","guid":{"rendered":"http:\/\/localhost\/psicoterapia-chieti-pescara.it\/?page_id=197"},"modified":"2018-04-08T10:46:41","modified_gmt":"2018-04-08T08:46:41","slug":"studio-chieti-pescara","status":"publish","type":"page","link":"https:\/\/psicoterapia-chieti-pescara.it\/?page_id=197","title":{"rendered":"Lo studio"},"content":{"rendered":"<p style=\"text-align: justify;\">\n<p>Ho uno\u00a0<em>studio di psicoterapia<\/em>, dove accolgo persone e coppie e in cui, talvolta, registro le video-interviste e ospito colleghi per gruppi di intervisione. Si trova in via Pietro Nenni, 236-D Localit\u00e0 Sambuceto, san Giovanni Teatino (Ch).<\/p>\n<p>Esso \u00e8 dotato di facile accessibilit\u00e0. \u00c8 infatti al piano terra di una costruzione nuova, di facile raggiungibilit\u00e0 con i\u00a0<strong>mezzi pubblici<\/strong>\u00a0e\u00a0<strong>parcheggio<\/strong>\u00a0per chi viene in automobile. \u00c8 un ambiente caldo, accogliente e che garantisce\u00a0<strong>riservatezza<\/strong>.<\/p>\n<ul>\n<li>Se vieni in\u00a0<strong>autobus<\/strong>\u00a0da\u00a0<strong>Chieti<\/strong>\u00a0o\u00a0<strong>Chieti Scalo<\/strong>\u00a0scendi alla fermata di\u00a0<em>Citt\u00e0 della Musica<\/em>\u00a0(che trovi alla tua destra), da l\u00ec vai ancora avanti in direzione\u00a0<em>Sambuceto<\/em>\u00a0per circa 50 metri, superi l\u2019<em>Eni<\/em>\u00a0sulla sinistra e attraversi la strada. Quindi imbocchi una traversa proprio dove c\u2019\u00e8 un\u2019insegna \u2018<em>Aria compressa<\/em>\u2018, in fondo vedi gi\u00e0\u00a0<em>Pierago Trasporti<\/em>, ma prima, sulla sinistra, trovi una palazzina rossa con i balconi verdi. Io sono li. Puoi suonare alla voce\u00a0<em>Studio di Psicoterapia<\/em>.<\/li>\n<li>Se vieni in\u00a0<strong>autobus<\/strong>\u00a0da\u00a0<strong>Pescara<\/strong>\u00a0scendi alla fermata dell\u2019<em>Eni Caf\u00e8<\/em>\u00a0difronte a\u00a0<em>Citt\u00e0 della Musica<\/em>\u00a0(che ti trovi alla tua sinistra) da l\u00ec, senza cambiare marciapiede, torni indietro verso\u00a0<em>Sambuceto<\/em>\u00a0per circa 30 metri, superata, infatti l\u2019<em>Eni<\/em>\u00a0sulla tua sinistra, imbocchi la traversa che dove c\u2019\u00e8 l\u2019insegna \u2018aria compressa\u2019, infondo gi\u00e0 vedi\u00a0<em>Pierago Trasporti<\/em>, sulla sinistra trovi una palazzina rossa con i balconi verdi. Io sono li. Puoi suonare alla voce\u00a0<em>Studio di Psicoterapia<\/em>.<\/li>\n<li><del><\/del>In\u00a0<strong>auto<\/strong>, quasi sicuramente arriverai dalla grande rotatoria di Ikea, all\u2019uscita del casello autostradale \u2018Chieti\u2019, procedi pure in direzione Sambuceto, superi l\u2019hotel\u00a0<em>Dragonara\u00a0<\/em>sulla sinistra, poi\u00a0<em>Citt\u00e0 della Musica<\/em>\u00a0sulla destra da li vai ancora avanti per circa 50m, superi l\u2019Eni sulla sinistra e imbocchi una traversa proprio dove c\u2019\u00e8 un\u2019insegna \u2018aria compressa\u2019, in fondo vedi gi\u00e0\u00a0<em>Pierago Trasporti<\/em>, ma prima, sulla sinistra, trovi una palazzina rossa con i balconi verdi. Parcheggia pure. Io sono li. Puoi suonare alla voce\u00a0<em>Studio di Psicoterapia<\/em>.<\/li>\n<\/ul>\n<p style=\"text-align: justify;\">\n<div data-uk-slideshow=\"{autoplay: true }\">\n\n    <div class=\"uk-slidenav-position\">\n\n        <ul class=\"uk-slideshow\">\n        \n            <li style=\"min-height: 300px;\">\n\n                \n                    <img decoding=\"async\" src=\"\/wp-content\/uploads\/2017\/04\/image2.jpg\" alt=\"Image2\">\n                    \n                    \n                \n            <\/li>\n\n        \n            <li style=\"min-height: 300px;\">\n\n                \n                    <img decoding=\"async\" src=\"\/wp-content\/uploads\/2017\/04\/image3.jpg\" alt=\"Image3\">\n                    \n                    \n                \n            <\/li>\n\n                <\/ul>\n\n                <a href=\"#\" class=\"uk-slidenav uk-slidenav-contrast uk-slidenav-previous uk-hidden-touch\" data-uk-slideshow-item=\"previous\"><\/a>\n        <a href=\"#\" class=\"uk-slidenav uk-slidenav-contrast uk-slidenav-next uk-hidden-touch\" data-uk-slideshow-item=\"next\"><\/a>\n        \n                <div class=\"uk-overlay-panel uk-overlay-bottom\">\n            \n<ul class=\"uk-dotnav uk-dotnav-contrast uk-flex-center\">\n    <li data-uk-slideshow-item=\"0\"><a href=\"#\">Image2<\/a><\/li>\n    <li data-uk-slideshow-item=\"1\"><a href=\"#\">Image3<\/a><\/li>\n<\/ul>        <\/div>\n        \n    <\/div>\n\n    \n<\/div>\n<p style=\"text-align: justify;\">\n<script type=\"widgetkit\/map\" data-id=\"wk-map69fc0c4f1bf28\" data-class=\" uk-img-preserve\" data-style=\"width:auto;height:400px;\">\n    {\"width\":\"auto\",\"height\":400,\"maptypeid\":\"roadmap\",\"maptypecontrol\":false,\"mapctrl\":true,\"zoom\":9,\"marker\":2,\"markercluster\":false,\"popup_max_width\":300,\"zoomwheel\":true,\"draggable\":true,\"directions\":false,\"disabledefaultui\":false,\"styler_invert_lightness\":false,\"styler_hue\":\"\",\"styler_saturation\":0,\"styler_lightness\":0,\"styler_gamma\":0,\"media\":true,\"image_width\":\"auto\",\"image_height\":\"auto\",\"media_align\":\"top\",\"media_width\":\"1-2\",\"media_breakpoint\":\"medium\",\"media_border\":\"none\",\"media_overlay\":\"icon\",\"overlay_animation\":\"fade\",\"media_animation\":\"scale\",\"title\":true,\"content\":true,\"social_buttons\":true,\"title_size\":\"h3\",\"text_align\":\"left\",\"link\":true,\"link_style\":\"button\",\"link_text\":\"Read more\",\"link_target\":false,\"class\":\"\",\"markers\":[{\"lat\":42.4039864686,\"lng\":14.1691011238,\"title\":\"Studio Francesca Di Sipio\",\"content\":\"\\n<div class=\\\"uk-text-left\\\">\\n\\n    \\n    \\n        <h3 class=\\\"uk-h3 uk-margin-top-remove\\\">Studio Francesca Di Sipio<\\\/h3>\\n    \\n    \\n    \\n    \\n    \\n    \\n<\\\/div>\"}]}<\/script>\n<\/p>\n","protected":false},"excerpt":{"rendered":"<p>Ho uno\u00a0studio di psicoterapia, dove accolgo persone e coppie e in cui, talvolta, registro le video-interviste e ospito colleghi per gruppi di intervisione. Si trova in via Pietro Nenni, 236-D Localit\u00e0 Sambuceto, san Giovanni Teatino (Ch). Esso \u00e8 dotato di facile accessibilit\u00e0. \u00c8 infatti al piano terra di una costruzione nuova, di facile raggiungibilit\u00e0 con [&hellip;]<\/p>\n","protected":false},"author":1,"featured_media":0,"parent":202,"menu_order":0,"comment_status":"closed","ping_status":"closed","template":"","meta":{"footnotes":""},"class_list":["post-197","page","type-page","status-publish","hentry"],"yoast_head":"<!-- This site is optimized with the Yoast SEO plugin v25.6 - https:\/\/yoast.com\/wordpress\/plugins\/seo\/ -->\n<title>Lo studio * Psicoterapia Chieti Pescara<\/title>\n<meta name=\"robots\" content=\"index, follow, max-snippet:-1, max-image-preview:large, max-video-preview:-1\" \/>\n<link rel=\"canonical\" href=\"https:\/\/psicoterapia-chieti-pescara.it\/?page_id=197\" \/>\n<meta property=\"og:locale\" content=\"it_IT\" \/>\n<meta property=\"og:type\" content=\"article\" \/>\n<meta property=\"og:title\" content=\"Lo studio * Psicoterapia Chieti Pescara\" \/>\n<meta property=\"og:description\" content=\"Ho uno\u00a0studio di psicoterapia, dove accolgo persone e coppie e in cui, talvolta, registro le video-interviste e ospito colleghi per gruppi di intervisione. Si trova in via Pietro Nenni, 236-D Localit\u00e0 Sambuceto, san Giovanni Teatino (Ch). Esso \u00e8 dotato di facile accessibilit\u00e0. \u00c8 infatti al piano terra di una costruzione nuova, di facile raggiungibilit\u00e0 con [&hellip;]\" \/>\n<meta property=\"og:url\" content=\"https:\/\/psicoterapia-chieti-pescara.it\/?page_id=197\" \/>\n<meta property=\"og:site_name\" content=\"Psicoterapia Chieti Pescara\" \/>\n<meta property=\"article:publisher\" content=\"https:\/\/www.facebook.com\/Psicoterapia.Chieti.Pescara\" \/>\n<meta property=\"article:modified_time\" content=\"2018-04-08T08:46:41+00:00\" \/>\n<meta name=\"twitter:card\" content=\"summary_large_image\" \/>\n<meta name=\"twitter:label1\" content=\"Tempo di lettura stimato\" \/>\n\t<meta name=\"twitter:data1\" content=\"2 minuti\" \/>\n<script type=\"application\/ld+json\" class=\"yoast-schema-graph\">{\"@context\":\"https:\/\/schema.org\",\"@graph\":[{\"@type\":\"WebPage\",\"@id\":\"https:\/\/psicoterapia-chieti-pescara.it\/?page_id=197\",\"url\":\"https:\/\/psicoterapia-chieti-pescara.it\/?page_id=197\",\"name\":\"Lo studio * Psicoterapia Chieti Pescara\",\"isPartOf\":{\"@id\":\"https:\/\/psicoterapia-chieti-pescara.it\/#website\"},\"datePublished\":\"2017-04-02T14:42:07+00:00\",\"dateModified\":\"2018-04-08T08:46:41+00:00\",\"breadcrumb\":{\"@id\":\"https:\/\/psicoterapia-chieti-pescara.it\/?page_id=197#breadcrumb\"},\"inLanguage\":\"it-IT\",\"potentialAction\":[{\"@type\":\"ReadAction\",\"target\":[\"https:\/\/psicoterapia-chieti-pescara.it\/?page_id=197\"]}]},{\"@type\":\"BreadcrumbList\",\"@id\":\"https:\/\/psicoterapia-chieti-pescara.it\/?page_id=197#breadcrumb\",\"itemListElement\":[{\"@type\":\"ListItem\",\"position\":1,\"name\":\"Home\",\"item\":\"https:\/\/psicoterapia-chieti-pescara.it\/\"},{\"@type\":\"ListItem\",\"position\":2,\"name\":\"Conosciamoci\",\"item\":\"https:\/\/psicoterapia-chieti-pescara.it\/?page_id=202\"},{\"@type\":\"ListItem\",\"position\":3,\"name\":\"Lo studio\"}]},{\"@type\":\"WebSite\",\"@id\":\"https:\/\/psicoterapia-chieti-pescara.it\/#website\",\"url\":\"https:\/\/psicoterapia-chieti-pescara.it\/\",\"name\":\"Psicoterapia Chieti Pescara\",\"description\":\"Psicologia Salute InFormazione\",\"publisher\":{\"@id\":\"https:\/\/psicoterapia-chieti-pescara.it\/#organization\"},\"potentialAction\":[{\"@type\":\"SearchAction\",\"target\":{\"@type\":\"EntryPoint\",\"urlTemplate\":\"https:\/\/psicoterapia-chieti-pescara.it\/?s={search_term_string}\"},\"query-input\":{\"@type\":\"PropertyValueSpecification\",\"valueRequired\":true,\"valueName\":\"search_term_string\"}}],\"inLanguage\":\"it-IT\"},{\"@type\":\"Organization\",\"@id\":\"https:\/\/psicoterapia-chieti-pescara.it\/#organization\",\"name\":\"Relazioni PSI\",\"url\":\"https:\/\/psicoterapia-chieti-pescara.it\/\",\"logo\":{\"@type\":\"ImageObject\",\"inLanguage\":\"it-IT\",\"@id\":\"https:\/\/psicoterapia-chieti-pescara.it\/#\/schema\/logo\/image\/\",\"url\":\"https:\/\/psicoterapia-chieti-pescara.it\/wp-content\/uploads\/2021\/02\/Profilo-FB.jpg\",\"contentUrl\":\"https:\/\/psicoterapia-chieti-pescara.it\/wp-content\/uploads\/2021\/02\/Profilo-FB.jpg\",\"width\":360,\"height\":360,\"caption\":\"Relazioni PSI\"},\"image\":{\"@id\":\"https:\/\/psicoterapia-chieti-pescara.it\/#\/schema\/logo\/image\/\"},\"sameAs\":[\"https:\/\/www.facebook.com\/Psicoterapia.Chieti.Pescara\",\"https:\/\/www.youtube.com\/channel\/UCbQnAp4FbANpCbvObkybkhA\"]}]}<\/script>\n<!-- \/ Yoast SEO plugin. -->","yoast_head_json":{"title":"Lo studio * Psicoterapia Chieti Pescara","robots":{"index":"index","follow":"follow","max-snippet":"max-snippet:-1","max-image-preview":"max-image-preview:large","max-video-preview":"max-video-preview:-1"},"canonical":"https:\/\/psicoterapia-chieti-pescara.it\/?page_id=197","og_locale":"it_IT","og_type":"article","og_title":"Lo studio * Psicoterapia Chieti Pescara","og_description":"Ho uno\u00a0studio di psicoterapia, dove accolgo persone e coppie e in cui, talvolta, registro le video-interviste e ospito colleghi per gruppi di intervisione. Si trova in via Pietro Nenni, 236-D Localit\u00e0 Sambuceto, san Giovanni Teatino (Ch). Esso \u00e8 dotato di facile accessibilit\u00e0. \u00c8 infatti al piano terra di una costruzione nuova, di facile raggiungibilit\u00e0 con [&hellip;]","og_url":"https:\/\/psicoterapia-chieti-pescara.it\/?page_id=197","og_site_name":"Psicoterapia Chieti Pescara","article_publisher":"https:\/\/www.facebook.com\/Psicoterapia.Chieti.Pescara","article_modified_time":"2018-04-08T08:46:41+00:00","twitter_card":"summary_large_image","twitter_misc":{"Tempo di lettura stimato":"2 minuti"},"schema":{"@context":"https:\/\/schema.org","@graph":[{"@type":"WebPage","@id":"https:\/\/psicoterapia-chieti-pescara.it\/?page_id=197","url":"https:\/\/psicoterapia-chieti-pescara.it\/?page_id=197","name":"Lo studio * Psicoterapia Chieti Pescara","isPartOf":{"@id":"https:\/\/psicoterapia-chieti-pescara.it\/#website"},"datePublished":"2017-04-02T14:42:07+00:00","dateModified":"2018-04-08T08:46:41+00:00","breadcrumb":{"@id":"https:\/\/psicoterapia-chieti-pescara.it\/?page_id=197#breadcrumb"},"inLanguage":"it-IT","potentialAction":[{"@type":"ReadAction","target":["https:\/\/psicoterapia-chieti-pescara.it\/?page_id=197"]}]},{"@type":"BreadcrumbList","@id":"https:\/\/psicoterapia-chieti-pescara.it\/?page_id=197#breadcrumb","itemListElement":[{"@type":"ListItem","position":1,"name":"Home","item":"https:\/\/psicoterapia-chieti-pescara.it\/"},{"@type":"ListItem","position":2,"name":"Conosciamoci","item":"https:\/\/psicoterapia-chieti-pescara.it\/?page_id=202"},{"@type":"ListItem","position":3,"name":"Lo studio"}]},{"@type":"WebSite","@id":"https:\/\/psicoterapia-chieti-pescara.it\/#website","url":"https:\/\/psicoterapia-chieti-pescara.it\/","name":"Psicoterapia Chieti Pescara","description":"Psicologia Salute InFormazione","publisher":{"@id":"https:\/\/psicoterapia-chieti-pescara.it\/#organization"},"potentialAction":[{"@type":"SearchAction","target":{"@type":"EntryPoint","urlTemplate":"https:\/\/psicoterapia-chieti-pescara.it\/?s={search_term_string}"},"query-input":{"@type":"PropertyValueSpecification","valueRequired":true,"valueName":"search_term_string"}}],"inLanguage":"it-IT"},{"@type":"Organization","@id":"https:\/\/psicoterapia-chieti-pescara.it\/#organization","name":"Relazioni PSI","url":"https:\/\/psicoterapia-chieti-pescara.it\/","logo":{"@type":"ImageObject","inLanguage":"it-IT","@id":"https:\/\/psicoterapia-chieti-pescara.it\/#\/schema\/logo\/image\/","url":"https:\/\/psicoterapia-chieti-pescara.it\/wp-content\/uploads\/2021\/02\/Profilo-FB.jpg","contentUrl":"https:\/\/psicoterapia-chieti-pescara.it\/wp-content\/uploads\/2021\/02\/Profilo-FB.jpg","width":360,"height":360,"caption":"Relazioni PSI"},"image":{"@id":"https:\/\/psicoterapia-chieti-pescara.it\/#\/schema\/logo\/image\/"},"sameAs":["https:\/\/www.facebook.com\/Psicoterapia.Chieti.Pescara","https:\/\/www.youtube.com\/channel\/UCbQnAp4FbANpCbvObkybkhA"]}]}},"_links":{"self":[{"href":"https:\/\/psicoterapia-chieti-pescara.it\/index.php?rest_route=\/wp\/v2\/pages\/197"}],"collection":[{"href":"https:\/\/psicoterapia-chieti-pescara.it\/index.php?rest_route=\/wp\/v2\/pages"}],"about":[{"href":"https:\/\/psicoterapia-chieti-pescara.it\/index.php?rest_route=\/wp\/v2\/types\/page"}],"author":[{"embeddable":true,"href":"https:\/\/psicoterapia-chieti-pescara.it\/index.php?rest_route=\/wp\/v2\/users\/1"}],"replies":[{"embeddable":true,"href":"https:\/\/psicoterapia-chieti-pescara.it\/index.php?rest_route=%2Fwp%2Fv2%2Fcomments&post=197"}],"version-history":[{"count":10,"href":"https:\/\/psicoterapia-chieti-pescara.it\/index.php?rest_route=\/wp\/v2\/pages\/197\/revisions"}],"predecessor-version":[{"id":1183,"href":"https:\/\/psicoterapia-chieti-pescara.it\/index.php?rest_route=\/wp\/v2\/pages\/197\/revisions\/1183"}],"up":[{"embeddable":true,"href":"https:\/\/psicoterapia-chieti-pescara.it\/index.php?rest_route=\/wp\/v2\/pages\/202"}],"wp:attachment":[{"href":"https:\/\/psicoterapia-chieti-pescara.it\/index.php?rest_route=%2Fwp%2Fv2%2Fmedia&parent=197"}],"curies":[{"name":"wp","href":"https:\/\/api.w.org\/{rel}","templated":true}]}}